{"id":762,"date":"2016-05-19T00:24:01","date_gmt":"2016-05-18T22:24:01","guid":{"rendered":"http:\/\/electrodes.ch\/fr\/devices\/"},"modified":"2016-06-16T00:25:09","modified_gmt":"2016-06-15T22:25:09","slug":"devices","status":"publish","type":"page","link":"https:\/\/electrodes.ch\/fr\/devices\/","title":{"rendered":"Appareils"},"content":{"rendered":"<div class=\"woocommerce columns-4 \"><\/div>\n<p>Le SwissSTIM\u00ae a \u00e9t\u00e9 con\u00e7u et fabriqu\u00e9 selon les normes les plus strictes pour aider le patient \u00e0 recouvrer sa sant\u00e9 gr\u00e2ce \u00e0 la prescription d&rsquo;un appareil de neurostimulation musculaire. Ce stimulateur a \u00e9t\u00e9 sp\u00e9cialement con\u00e7u pour la pr\u00e9vention de l&rsquo;atrophie musculaire, la d\u00e9tente, le maintien et le renforcement musculaire, la r\u00e9duction des spasmes, pour l&rsquo;am\u00e9lioration de la circulation sanguine, la r\u00e9\u00e9ducation musculaire, l&rsquo;am\u00e9lioration de l&rsquo;amplitude du mouvement ainsi que du contr\u00f4le de la douleur.<\/p>\n<p>Une sp\u00e9cification importante du SwissSTIM\u00ae est le contr\u00f4le de la douleur. La douleur, bien qu&rsquo;inconfortable, est un signal important qui alerte en cas de blessure ou de maladie. Elle peut \u00eatre soit aigu\u00eb, soit chronique. La douleur aigu\u00eb est g\u00e9n\u00e9ralement limit\u00e9e dans le dans le temps et se produit souvent en raison d&rsquo;accidents survenant au travail ou pendant les loisirs. La douleur chronique est une douleur de longue dur\u00e9e, persistante et ne remplissant plus le r\u00f4le de signal d&rsquo;alarme, devenant donc probl\u00e9matique. <\/p>\n<p>Le SwissSTIM\u00ae permet de soulager la douleur chronique tout comme la douleur aigu\u00eb.<\/p>\n<p><strong>Sp\u00e9cifications Techniques<\/strong><\/p>\n<table>\n<tbody>\n<tr>\n<th>Forme d&rsquo;onde<\/th>\n<td>Les formes de l&rsquo;onde sont monophasiques, rectangulaires et r\u00e9gul\u00e9es en voltage.<\/td>\n<\/tr>\n<tr>\n<th>Param\u00e8ters<\/th>\n<td>Les param\u00e8tres (niveau et dur\u00e9e de l&rsquo;impulsion, temps de stimulation et de repos) sont optimis\u00e9s pour chaque programme.<\/td>\n<\/tr>\n<tr>\n<th>Dur\u00e9e d&rsquo;impulsion<\/th>\n<td>Impulsion maximale 1000 \u00b5s (d\u00e9pend du programme)<\/td>\n<\/tr>\n<tr>\n<th>Plage de fr\u00e9quence<\/th>\n<td>1 &#8211; 120 Hz<\/td>\n<\/tr>\n<tr>\n<th>Tension maximale<\/th>\n<td>50Volt \u00b1 10%<\/td>\n<\/tr>\n<tr>\n<th>Cannaux<\/th>\n<td>2 canaux ind\u00e9pendants, isol\u00e9s, avec un niveau de contr\u00f4le d&rsquo;intensit\u00e9 s\u00e9par\u00e9 pour chaque canal.<\/td>\n<\/tr>\n<tr>\n<th>Alimentation<\/th>\n<td>4 piles AAA (Alcaline, NiCd ou NiMh)<\/td>\n<\/tr>\n<\/tbody>\n<\/table>\n<p>Veuillez visiter <a href=\"http:\/\/valmed.com\/contact.html\" target=\"_blank\">valmed.com<\/a> pour plus d&rsquo;information.<\/p>\n","protected":false},"excerpt":{"rendered":"<p>Le SwissSTIM\u00ae a \u00e9t\u00e9 con\u00e7u et fabriqu\u00e9 selon les normes les plus strictes pour aider le patient \u00e0 recouvrer sa sant\u00e9 gr\u00e2ce \u00e0 la prescription d&rsquo;un appareil de neurostimulation musculaire. Ce stimulateur a \u00e9t\u00e9 sp\u00e9cialement con\u00e7u pour la pr\u00e9vention de l&rsquo;atrophie musculaire, la d\u00e9tente, le maintien et le renforcement musculaire, la r\u00e9duction des spasmes, pour [&hellip;]<\/p>\n","protected":false},"author":1,"featured_media":0,"parent":0,"menu_order":0,"comment_status":"closed","ping_status":"closed","template":"","meta":{"footnotes":""},"class_list":["post-762","page","type-page","status-publish","hentry"],"yoast_head":"<!-- This site is optimized with the Yoast SEO plugin v27.3 - https:\/\/yoast.com\/product\/yoast-seo-wordpress\/ -->\n<title>Appareils - electrodes.ch<\/title>\n<meta name=\"robots\" content=\"index, follow, max-snippet:-1, max-image-preview:large, max-video-preview:-1\" \/>\n<link rel=\"canonical\" href=\"https:\/\/electrodes.ch\/fr\/devices\/\" \/>\n<meta property=\"og:locale\" content=\"fr_FR\" \/>\n<meta property=\"og:type\" content=\"article\" \/>\n<meta property=\"og:title\" content=\"Appareils - electrodes.ch\" \/>\n<meta property=\"og:description\" content=\"Le SwissSTIM\u00ae a \u00e9t\u00e9 con\u00e7u et fabriqu\u00e9 selon les normes les plus strictes pour aider le patient \u00e0 recouvrer sa sant\u00e9 gr\u00e2ce \u00e0 la prescription d&rsquo;un appareil de neurostimulation musculaire. Ce stimulateur a \u00e9t\u00e9 sp\u00e9cialement con\u00e7u pour la pr\u00e9vention de l&rsquo;atrophie musculaire, la d\u00e9tente, le maintien et le renforcement musculaire, la r\u00e9duction des spasmes, pour [&hellip;]\" \/>\n<meta property=\"og:url\" content=\"https:\/\/electrodes.ch\/fr\/devices\/\" \/>\n<meta property=\"og:site_name\" content=\"electrodes.ch\" \/>\n<meta property=\"article:modified_time\" content=\"2016-06-15T22:25:09+00:00\" \/>\n<meta name=\"twitter:card\" content=\"summary_large_image\" \/>\n<meta name=\"twitter:label1\" content=\"Dur\u00e9e de lecture estim\u00e9e\" \/>\n\t<meta name=\"twitter:data1\" content=\"1 minute\" \/>\n<script type=\"application\/ld+json\" class=\"yoast-schema-graph\">{\"@context\":\"https:\\\/\\\/schema.org\",\"@graph\":[{\"@type\":\"WebPage\",\"@id\":\"https:\\\/\\\/electrodes.ch\\\/fr\\\/devices\\\/\",\"url\":\"https:\\\/\\\/electrodes.ch\\\/fr\\\/devices\\\/\",\"name\":\"Appareils - electrodes.ch\",\"isPartOf\":{\"@id\":\"https:\\\/\\\/electrodes.ch\\\/fr\\\/#website\"},\"datePublished\":\"2016-05-18T22:24:01+00:00\",\"dateModified\":\"2016-06-15T22:25:09+00:00\",\"breadcrumb\":{\"@id\":\"https:\\\/\\\/electrodes.ch\\\/fr\\\/devices\\\/#breadcrumb\"},\"inLanguage\":\"fr-FR\",\"potentialAction\":[{\"@type\":\"ReadAction\",\"target\":[\"https:\\\/\\\/electrodes.ch\\\/fr\\\/devices\\\/\"]}]},{\"@type\":\"BreadcrumbList\",\"@id\":\"https:\\\/\\\/electrodes.ch\\\/fr\\\/devices\\\/#breadcrumb\",\"itemListElement\":[{\"@type\":\"ListItem\",\"position\":1,\"name\":\"Home\",\"item\":\"https:\\\/\\\/electrodes.ch\\\/fr\\\/\"},{\"@type\":\"ListItem\",\"position\":2,\"name\":\"Appareils\"}]},{\"@type\":\"WebSite\",\"@id\":\"https:\\\/\\\/electrodes.ch\\\/fr\\\/#website\",\"url\":\"https:\\\/\\\/electrodes.ch\\\/fr\\\/\",\"name\":\"electrodes.ch\",\"description\":\"Magasin TENS EMS electrodes. Compatible avec les grandes marques d'appareil d'\u00e9lectrostimulation.\",\"publisher\":{\"@id\":\"https:\\\/\\\/electrodes.ch\\\/fr\\\/#organization\"},\"potentialAction\":[{\"@type\":\"SearchAction\",\"target\":{\"@type\":\"EntryPoint\",\"urlTemplate\":\"https:\\\/\\\/electrodes.ch\\\/fr\\\/?s={search_term_string}\"},\"query-input\":{\"@type\":\"PropertyValueSpecification\",\"valueRequired\":true,\"valueName\":\"search_term_string\"}}],\"inLanguage\":\"fr-FR\"},{\"@type\":\"Organization\",\"@id\":\"https:\\\/\\\/electrodes.ch\\\/fr\\\/#organization\",\"name\":\"electrodes.ch\",\"url\":\"https:\\\/\\\/electrodes.ch\\\/fr\\\/\",\"logo\":{\"@type\":\"ImageObject\",\"inLanguage\":\"fr-FR\",\"@id\":\"https:\\\/\\\/electrodes.ch\\\/fr\\\/#\\\/schema\\\/logo\\\/image\\\/\",\"url\":\"https:\\\/\\\/electrodes.ch\\\/wp-content\\\/uploads\\\/2025\\\/11\\\/Electrodes-Logo-email.png\",\"contentUrl\":\"https:\\\/\\\/electrodes.ch\\\/wp-content\\\/uploads\\\/2025\\\/11\\\/Electrodes-Logo-email.png\",\"width\":500,\"height\":100,\"caption\":\"electrodes.ch\"},\"image\":{\"@id\":\"https:\\\/\\\/electrodes.ch\\\/fr\\\/#\\\/schema\\\/logo\\\/image\\\/\"}}]}<\/script>\n<!-- \/ Yoast SEO plugin. -->","yoast_head_json":{"title":"Appareils - electrodes.ch","robots":{"index":"index","follow":"follow","max-snippet":"max-snippet:-1","max-image-preview":"max-image-preview:large","max-video-preview":"max-video-preview:-1"},"canonical":"https:\/\/electrodes.ch\/fr\/devices\/","og_locale":"fr_FR","og_type":"article","og_title":"Appareils - electrodes.ch","og_description":"Le SwissSTIM\u00ae a \u00e9t\u00e9 con\u00e7u et fabriqu\u00e9 selon les normes les plus strictes pour aider le patient \u00e0 recouvrer sa sant\u00e9 gr\u00e2ce \u00e0 la prescription d&rsquo;un appareil de neurostimulation musculaire. Ce stimulateur a \u00e9t\u00e9 sp\u00e9cialement con\u00e7u pour la pr\u00e9vention de l&rsquo;atrophie musculaire, la d\u00e9tente, le maintien et le renforcement musculaire, la r\u00e9duction des spasmes, pour [&hellip;]","og_url":"https:\/\/electrodes.ch\/fr\/devices\/","og_site_name":"electrodes.ch","article_modified_time":"2016-06-15T22:25:09+00:00","twitter_card":"summary_large_image","twitter_misc":{"Dur\u00e9e de lecture estim\u00e9e":"1 minute"},"schema":{"@context":"https:\/\/schema.org","@graph":[{"@type":"WebPage","@id":"https:\/\/electrodes.ch\/fr\/devices\/","url":"https:\/\/electrodes.ch\/fr\/devices\/","name":"Appareils - electrodes.ch","isPartOf":{"@id":"https:\/\/electrodes.ch\/fr\/#website"},"datePublished":"2016-05-18T22:24:01+00:00","dateModified":"2016-06-15T22:25:09+00:00","breadcrumb":{"@id":"https:\/\/electrodes.ch\/fr\/devices\/#breadcrumb"},"inLanguage":"fr-FR","potentialAction":[{"@type":"ReadAction","target":["https:\/\/electrodes.ch\/fr\/devices\/"]}]},{"@type":"BreadcrumbList","@id":"https:\/\/electrodes.ch\/fr\/devices\/#breadcrumb","itemListElement":[{"@type":"ListItem","position":1,"name":"Home","item":"https:\/\/electrodes.ch\/fr\/"},{"@type":"ListItem","position":2,"name":"Appareils"}]},{"@type":"WebSite","@id":"https:\/\/electrodes.ch\/fr\/#website","url":"https:\/\/electrodes.ch\/fr\/","name":"electrodes.ch","description":"Magasin TENS EMS electrodes. Compatible avec les grandes marques d'appareil d'\u00e9lectrostimulation.","publisher":{"@id":"https:\/\/electrodes.ch\/fr\/#organization"},"potentialAction":[{"@type":"SearchAction","target":{"@type":"EntryPoint","urlTemplate":"https:\/\/electrodes.ch\/fr\/?s={search_term_string}"},"query-input":{"@type":"PropertyValueSpecification","valueRequired":true,"valueName":"search_term_string"}}],"inLanguage":"fr-FR"},{"@type":"Organization","@id":"https:\/\/electrodes.ch\/fr\/#organization","name":"electrodes.ch","url":"https:\/\/electrodes.ch\/fr\/","logo":{"@type":"ImageObject","inLanguage":"fr-FR","@id":"https:\/\/electrodes.ch\/fr\/#\/schema\/logo\/image\/","url":"https:\/\/electrodes.ch\/wp-content\/uploads\/2025\/11\/Electrodes-Logo-email.png","contentUrl":"https:\/\/electrodes.ch\/wp-content\/uploads\/2025\/11\/Electrodes-Logo-email.png","width":500,"height":100,"caption":"electrodes.ch"},"image":{"@id":"https:\/\/electrodes.ch\/fr\/#\/schema\/logo\/image\/"}}]}},"jetpack_sharing_enabled":true,"_links":{"self":[{"href":"https:\/\/electrodes.ch\/fr\/wp-json\/wp\/v2\/pages\/762","targetHints":{"allow":["GET"]}}],"collection":[{"href":"https:\/\/electrodes.ch\/fr\/wp-json\/wp\/v2\/pages"}],"about":[{"href":"https:\/\/electrodes.ch\/fr\/wp-json\/wp\/v2\/types\/page"}],"author":[{"embeddable":true,"href":"https:\/\/electrodes.ch\/fr\/wp-json\/wp\/v2\/users\/1"}],"replies":[{"embeddable":true,"href":"https:\/\/electrodes.ch\/fr\/wp-json\/wp\/v2\/comments?post=762"}],"version-history":[{"count":0,"href":"https:\/\/electrodes.ch\/fr\/wp-json\/wp\/v2\/pages\/762\/revisions"}],"wp:attachment":[{"href":"https:\/\/electrodes.ch\/fr\/wp-json\/wp\/v2\/media?parent=762"}],"curies":[{"name":"wp","href":"https:\/\/api.w.org\/{rel}","templated":true}]}}